{"id":2428,"date":"2024-07-03T09:53:01","date_gmt":"2024-07-03T13:53:01","guid":{"rendered":"https:\/\/jarcr.ca\/?page_id=2428"},"modified":"2025-08-08T16:30:27","modified_gmt":"2025-08-08T19:30:27","slug":"termes-et-conditions","status":"publish","type":"page","link":"https:\/\/jarcr.ca\/en\/termes-et-conditions\/","title":{"rendered":"Termes et conditions"},"content":{"rendered":"<p>[et_pb_section fb_built=&#8221;1&#8243; _builder_version=&#8221;4.26.0&#8243; _module_preset=&#8221;default&#8221; background_color=&#8221;#2E5976&#8243; custom_padding=&#8221;20px||20px||true|false&#8221; global_colors_info=&#8221;{}&#8221;][et_pb_row _builder_version=&#8221;4.25.2&#8243; _module_preset=&#8221;default&#8221; global_colors_info=&#8221;{}&#8221;][et_pb_column type=&#8221;4_4&#8243; _builder_version=&#8221;4.25.2&#8243; _module_preset=&#8221;default&#8221; global_colors_info=&#8221;{}&#8221;][et_pb_text _builder_version=&#8221;4.26.0&#8243; _dynamic_attributes=&#8221;content&#8221; _module_preset=&#8221;default&#8221; text_text_color=&#8221;#FFFFFF&#8221; header_text_align=&#8221;center&#8221; header_text_color=&#8221;#FFFFFF&#8221; header_font_size=&#8221;62px&#8221; global_colors_info=&#8221;{}&#8221;]@ET-DC@eyJkeW5hbWljIjp0cnVlLCJjb250ZW50IjoicG9zdF90aXRsZSIsInNldHRpbmdzIjp7ImJlZm9yZSI6IjxoMT4iLCJhZnRlciI6IjwvaDE+In19@[\/et_pb_text][\/et_pb_column][\/et_pb_row][\/et_pb_section][et_pb_section fb_built=&#8221;1&#8243; _builder_version=&#8221;4.25.2&#8243; _module_preset=&#8221;default&#8221; global_colors_info=&#8221;{}&#8221;][et_pb_row _builder_version=&#8221;4.25.2&#8243; _module_preset=&#8221;default&#8221; global_colors_info=&#8221;{}&#8221;][et_pb_column type=&#8221;4_4&#8243; _builder_version=&#8221;4.25.2&#8243; _module_preset=&#8221;default&#8221; global_colors_info=&#8221;{}&#8221;][et_pb_text _builder_version=&#8221;4.27.2&#8243; _module_preset=&#8221;default&#8221; global_colors_info=&#8221;{}&#8221;]<\/p>\n<h3>APER\u00c7U DES TERMES ET CONDITIONS<\/h3>\n<p>Ce site web est exploit\u00e9 par J.A. RCR et Premiers Soins (J.A. RCR). Tout au long du site, les termes &#8220;nous&#8221;, &#8220;notre&#8221; et &#8220;nos&#8221; se r\u00e9f\u00e8rent \u00e0 J.A. RCR. J.A. RCR propose ce site web, y compris toutes les informations, outils et services disponibles sur ce site, \u00e0 vous, l&#8217;utilisateur, en fonction de votre acceptation de tous les termes, conditions, politiques et avis \u00e9nonc\u00e9s ici.<\/p>\n<p>En visitant notre site et\/ou en achetant quelque chose chez nous, vous participez \u00e0 notre &#8220;Service&#8221; et acceptez d&#8217;\u00eatre li\u00e9 par les conditions g\u00e9n\u00e9rales suivantes (&#8220;Conditions de service&#8221;, &#8220;Conditions&#8221;), y compris les conditions et politiques suppl\u00e9mentaires r\u00e9f\u00e9renc\u00e9es ici et\/ou disponibles par lien hypertexte. Ces Conditions de service s&#8217;appliquent \u00e0 tous les utilisateurs du site, y compris, sans limitation, les utilisateurs qui sont des navigateurs, des vendeurs, des clients, des marchands et\/ou des contributeurs de contenu.<\/p>\n<p>Veuillez lire attentivement ces Conditions de service avant d&#8217;acc\u00e9der ou d&#8217;utiliser notre site web. En acc\u00e9dant ou en utilisant une partie quelconque du site, vous acceptez d&#8217;\u00eatre li\u00e9 par ces Conditions de service. Si vous n&#8217;acceptez pas tous les termes et conditions de cet accord, vous ne pouvez pas acc\u00e9der au site web ou utiliser aucun service. Si ces Conditions de service sont consid\u00e9r\u00e9es comme une offre, l&#8217;acceptation est express\u00e9ment limit\u00e9e \u00e0 ces Conditions de service.<\/p>\n<p>En acceptant ces Conditions de service, vous confirmez \u00eatre au moins majeur dans votre \u00c9tat ou province de r\u00e9sidence, que vous n&#8217;utiliserez pas nos produits \u00e0 des fins ill\u00e9gales ou non autoris\u00e9es et que vous ne transmettrez pas de vers ou de virus ni aucun code de nature destructrice. Une violation de l&#8217;une quelconque des Conditions entra\u00eenera une r\u00e9siliation imm\u00e9diate de vos Services.<\/p>\n<p>[\/et_pb_text][et_pb_text _builder_version=&#8221;4.27.2&#8243; _module_preset=&#8221;default&#8221; custom_margin=&#8221;||25px||false|false&#8221; custom_padding=&#8221;||||false|false&#8221; hover_enabled=&#8221;0&#8243; global_colors_info=&#8221;{}&#8221; sticky_enabled=&#8221;0&#8243;]<\/p>\n<h3>SECTION 1 \u2013 CONDITIONS DE LA BOUTIQUE EN LIGNE<\/h3>\n<p>Aucun remboursement ne sera accord\u00e9 sur les articles de la boutique.<\/p>\n<p>[\/et_pb_text][et_pb_text ul_item_indent=&#8221;45px&#8221; _builder_version=&#8221;4.27.2&#8243; _module_preset=&#8221;default&#8221; custom_padding=&#8221;|||20px|false|false&#8221; global_colors_info=&#8221;{}&#8221;]<\/p>\n<h4>Commandes de produit :<\/h4>\n<p>Toutes les commandes peuvent \u00eatre r\u00e9cup\u00e9r\u00e9es au 43 rue Fran\u00e7ois, Petit-Rocher Ouest, NB E8J 1X4, une fois la disponibilit\u00e9 confirm\u00e9e. Vous pouvez \u00e9galement choisir de faire exp\u00e9dier votre commande pr\u00e9pay\u00e9e \u00e0 vos frais.<\/p>\n<p>[\/et_pb_text][et_pb_text _builder_version=&#8221;4.27.4&#8243; _module_preset=&#8221;default&#8221; hover_enabled=&#8221;0&#8243; global_colors_info=&#8221;{}&#8221; sticky_enabled=&#8221;0&#8243;]<\/p>\n<h3>SECTION 2 \u2013 CONDITIONS DES FORMATIONS<\/h3>\n<p>Les paiements sont requis pour confirmer l\u2019inscription.<\/p>\n<p><strong><\/strong><\/p>\n<p><span style=\"text-decoration: underline;\">Annulation \u00e0 plus de 7 jours avant le cours<\/span> : Remboursement <em>moins des frais d\u2019annulation de 10 $<\/em>.<\/p>\n<p><span style=\"text-decoration: underline;\">Annulation entre 6 jours et 48 heures avant le cours<\/span> : Aucun remboursement. <em>Frais de 10\u202f$ pour reprogrammer<\/em>.<\/p>\n<p><span style=\"text-decoration: underline;\">Annulation moins de 48 heures avant le cours<\/span> : Aucun remboursement. <em>Frais de 25\u202f$ pour reprogrammer<\/em>.<\/p>\n<p><span style=\"text-decoration: underline;\">Annulation le jour m\u00eame ou absence sans pr\u00e9avis (\u00ab no show \u00bb)<\/span>: Aucun remboursement et le co\u00fbt de la formation sera factur\u00e9.<\/p>\n<p>[\/et_pb_text][et_pb_text _builder_version=&#8221;4.27.2&#8243; _module_preset=&#8221;default&#8221; custom_margin=&#8221;||25px||false|false&#8221; global_colors_info=&#8221;{}&#8221;]<\/p>\n<h3>SECTION 3 \u2013 CONDITIONS G\u00c9N\u00c9RALES<\/h3>\n<p>Vous acceptez de ne pas reproduire, dupliquer, copier, vendre, revendre ou exploiter toute partie du Service, l&#8217;utilisation du Service, ou l&#8217;acc\u00e8s au Service ou tout contact sur le site web par lequel le service est fourni, sans notre autorisation \u00e9crite expresse.<\/p>\n<p>[\/et_pb_text][et_pb_text ul_item_indent=&#8221;45px&#8221; _builder_version=&#8221;4.27.2&#8243; _module_preset=&#8221;default&#8221; custom_padding=&#8221;|||20px|false|false&#8221; global_colors_info=&#8221;{}&#8221;]<\/p>\n<h4>Formations :<\/h4>\n<p>J.A. RCR et Premiers Soins s&#8217;engagent \u00e0 prot\u00e9ger la sant\u00e9 et la s\u00e9curit\u00e9 des participants lors de leur formtation. Nous vous recommandons de consulter votre m\u00e9decin avant de participer si vous pr\u00e9sentez actuellement ou par le pass\u00e9 l&#8217;une des conditions suivantes :<\/p>\n<ul>\n<li>Crise cardiaque<\/li>\n<li>Maladie cardiaque<\/li>\n<li>Probl\u00e8mes respiratoires<\/li>\n<li>Grossesse<\/li>\n<li>Blessures osseuses ou articulaires<\/li>\n<\/ul>\n<p>Nos formations peuvent impliquer des activit\u00e9s telles que :<\/p>\n<ul>\n<li>S&#8217;agenouiller<\/li>\n<li>Comprimer des mannequins<\/li>\n<li>\u00catre couch\u00e9 sur le sol<\/li>\n<li>Travailler en groupe ou en partenariat pour des sc\u00e9narios<\/li>\n<\/ul>\n<p>Des photos prises lors de votre cours peuvent \u00eatre publi\u00e9es sur des sites web publics. En acceptant ces termes et conditions, vous autorisez l&#8217;utilisation de votre image sur ces sites web.<\/p>\n<p>[\/et_pb_text][et_pb_text _builder_version=&#8221;4.25.2&#8243; _module_preset=&#8221;default&#8221; global_colors_info=&#8221;{}&#8221;]<\/p>\n<h3>SECTION 4 \u2013 PR\u00c9CISION, EXHAUSTIVIT\u00c9 ET ACTUALIT\u00c9 DES INFORMATIONS<\/h3>\n<p>Nous ne sommes pas responsables si les informations mises \u00e0 disposition sur ce site ne sont pas pr\u00e9cises, compl\u00e8tes ou \u00e0 jour. Le mat\u00e9riel sur ce site est fourni \u00e0 titre d&#8217;information g\u00e9n\u00e9rale seulement et ne devrait pas \u00eatre utilis\u00e9 comme seule base pour prendre des d\u00e9cisions sans consulter des sources d&#8217;information primaires, plus pr\u00e9cises, plus compl\u00e8tes ou plus opportunes. Toute confiance accord\u00e9e au mat\u00e9riel sur ce site se fait \u00e0 vos propres risques.<\/p>\n<p>[\/et_pb_text][et_pb_text _builder_version=&#8221;4.25.2&#8243; _module_preset=&#8221;default&#8221; global_colors_info=&#8221;{}&#8221;]<\/p>\n<h3>SECTION 5 \u2013 MODIFICATIONS DU SERVICE ET DES PRIX<\/h3>\n<p>Les prix de nos produits sont sujets \u00e0 changement sans pr\u00e9avis. Nous nous r\u00e9servons le droit de modifier ou d&#8217;interrompre le Service (ou toute partie ou contenu de celui-ci) \u00e0 tout moment et sans pr\u00e9avis.<\/p>\n<p>[\/et_pb_text][et_pb_text _builder_version=&#8221;4.25.2&#8243; _module_preset=&#8221;default&#8221; global_colors_info=&#8221;{}&#8221;]<\/p>\n<h3>SECTION 6 \u2013 PR\u00c9CISION DES INFORMATIONS DE FACTURATION ET DE COMPTE<\/h3>\n<p>Vous acceptez de fournir des informations de facturation et de compte actuelles, compl\u00e8tes et pr\u00e9cises pour tous les achats effectu\u00e9s dans notre magasin. Vous acceptez de mettre \u00e0 jour rapidement votre compte et vos autres informations, y compris votre adresse e-mail et les num\u00e9ros de carte de cr\u00e9dit ainsi que les dates d&#8217;expiration, afin que nous puissions finaliser vos transactions et vous contacter au besoin. Pour plus de d\u00e9tails, veuillez consulter notre Politique d\u2019annulation.<\/p>\n<p>[\/et_pb_text][et_pb_text _builder_version=&#8221;4.25.2&#8243; _module_preset=&#8221;default&#8221; global_colors_info=&#8221;{}&#8221;]<\/p>\n<h3>SECTION 7 \u2013 UTILISATIONS INTERDITES<\/h3>\n<p>En plus des autres interdictions \u00e9nonc\u00e9es dans les Conditions de service, il vous est interdit d&#8217;utiliser le site ou son contenu : (a) \u00e0 des fins illicites ; (b) pour solliciter autrui \u00e0 commettre ou participer \u00e0 des actes ill\u00e9gaux ; (c) pour violer les r\u00e8glements, lois ou ordonnances internationaux, f\u00e9d\u00e9raux, provinciaux ou \u00e9tatiques, ou locaux ; (d) pour porter atteinte \u00e0 nos droits de propri\u00e9t\u00e9 intellectuelle ou aux droits de propri\u00e9t\u00e9 intellectuelle d&#8217;autrui ; (e) pour harceler, abuser, insulter, nuire, diffamer, calomnier, d\u00e9nigrer, intimider ou discriminer en fonction du genre, de l&#8217;orientation sexuelle, de la religion, de l&#8217;origine ethnique, de la race, de l&#8217;\u00e2ge, de l&#8217;origine nationale ou du handicap ; (f) pour soumettre des informations fausses ou trompeuses ; (g) pour t\u00e9l\u00e9charger ou transmettre des virus ou tout autre type de code malveillant pouvant affecter de quelque mani\u00e8re que ce soit la fonctionnalit\u00e9 ou le fonctionnement du Service ou de tout site web connexe, d&#8217;autres sites web ou Internet ; (h) pour collecter ou suivre les informations personnelles d&#8217;autrui ; (i) pour envoyer des spams, p\u00eacher, faire du hame\u00e7onnage, pr\u00e9texter, araigner, explorer ou gratter ; (j) \u00e0 des fins obsc\u00e8nes ou immorales ; ou (k) pour interf\u00e9rer avec ou contourner les fonctionnalit\u00e9s de s\u00e9curit\u00e9 du Service ou de tout site web connexe, d&#8217;autres sites web ou Internet. Nous nous r\u00e9servons le droit de mettre fin \u00e0 votre utilisation du Service ou de tout site web connexe pour avoir enfreint l&#8217;une des utilisations interdites.<\/p>\n<p>[\/et_pb_text][et_pb_text _builder_version=&#8221;4.25.2&#8243; _module_preset=&#8221;default&#8221; global_colors_info=&#8221;{}&#8221;]<\/p>\n<h3>SECTION 8 \u2013 EXON\u00c9RATION DE GARANTIES ; LIMITATION DE RESPONSABILIT\u00c9<\/h3>\n<p>Nous ne garantissons pas, ne repr\u00e9sentons pas ou ne certifions pas que votre utilisation de notre service sera ininterrompue, opportune, s\u00e9curis\u00e9e ou exempte d&#8217;erreurs. Nous ne garantissons pas que les r\u00e9sultats pouvant \u00eatre obtenus par l&#8217;utilisation du service seront pr\u00e9cis ou fiables. Vous convenez que de temps \u00e0 autre, nous pouvons retirer le service pour des p\u00e9riodes ind\u00e9termin\u00e9es ou annuler le service \u00e0 tout moment, sans vous en informer. Vous convenez express\u00e9ment que votre utilisation, ou l&#8217;incapacit\u00e9 d&#8217;utiliser, le service est \u00e0 vos propres risques.<\/p>\n<p>[\/et_pb_text][et_pb_text _builder_version=&#8221;4.25.2&#8243; _module_preset=&#8221;default&#8221; global_colors_info=&#8221;{}&#8221;]<\/p>\n<h3>SECTION 9 \u2013 INDEMNISATION<\/h3>\n<p>Vous acceptez d&#8217;indemniser, de d\u00e9fendre et de prot\u00e9ger J.A. RCR et Premiers Soins, ainsi que notre soci\u00e9t\u00e9 m\u00e8re, filiales, affili\u00e9s, partenaires, dirigeants, administrateurs, agents, entrepreneurs, conc\u00e9dants, fournisseurs de services, sous-traitants, fournisseurs, stagiaires et employ\u00e9s, de toute r\u00e9clamation ou demande, y compris des honoraires raisonnables d&#8217;avocat, formul\u00e9e par un tiers en raison de ou d\u00e9coulant de votre violation de ces Conditions de service ou des documents qu&#8217;elles incorporent par r\u00e9f\u00e9rence, ou de votre violation de toute loi ou des droits d&#8217;un tiers.<\/p>\n<p>[\/et_pb_text][et_pb_text _builder_version=&#8221;4.25.2&#8243; _module_preset=&#8221;default&#8221; global_colors_info=&#8221;{}&#8221;]<\/p>\n<h3>SECTION 10 \u2013 DIVISIBILIT\u00c9<\/h3>\n<p>Dans le cas o\u00f9 une disposition de ces Conditions de service est jug\u00e9e ill\u00e9gale, nulle ou inapplicable, ladite disposition sera n\u00e9anmoins ex\u00e9cutoire dans toute la mesure permise par la loi applicable, et la portion non ex\u00e9cutoire sera r\u00e9put\u00e9e \u00eatre s\u00e9par\u00e9e de ces Conditions de service. Cette d\u00e9termination n&#8217;affectera pas la validit\u00e9 et l&#8217;applicabilit\u00e9 des autres dispositions restantes.<\/p>\n<p>[\/et_pb_text][et_pb_text _builder_version=&#8221;4.25.2&#8243; _module_preset=&#8221;default&#8221; global_colors_info=&#8221;{}&#8221;]<\/p>\n<h3>SECTION 11 \u2013 DROIT APPLICABLE<\/h3>\n<p>Ces conditions de service et tout accord s\u00e9par\u00e9 par lequel nous vous fournissons des services seront r\u00e9gis et interpr\u00e9t\u00e9s conform\u00e9ment aux lois du Nouveau-Brunswick, Canada.<\/p>\n<p>[\/et_pb_text][et_pb_text _builder_version=&#8221;4.25.2&#8243; _module_preset=&#8221;default&#8221; global_colors_info=&#8221;{}&#8221;]<\/p>\n<h3>SECTION 12 \u2013 MODIFICATIONS AUX CONDITIONS DE SERVICE<\/h3>\n<p>Nous nous r\u00e9servons le droit, \u00e0 notre seule discr\u00e9tion, de mettre \u00e0 jour, de modifier ou de remplacer toute partie de ces Conditions de service en publiant les mises \u00e0 jour et les changements sur notre site web. Il est de votre responsabilit\u00e9 de v\u00e9rifier p\u00e9riodiquement notre site web pour les changements. Votre utilisation continue ou l&#8217;acc\u00e8s \u00e0 notre site web ou au Service apr\u00e8s la publication de tout changement apport\u00e9 \u00e0 ces Conditions de service constitue l&#8217;acceptation de ces changements.<\/p>\n<p>[\/et_pb_text][et_pb_text _builder_version=&#8221;4.26.0&#8243; _module_preset=&#8221;default&#8221; global_colors_info=&#8221;{}&#8221;]<\/p>\n<h3>SECTION 13 \u2013 INFORMATIONS DE CONTACT<\/h3>\n<p>Les questions concernant les Termes et conditions de service doivent \u00eatre envoy\u00e9es par courriel \u00e0 <a href=\"mailto:in**@***cr.ca\" data-original-string=\"EdTD1OHG9pclYFogvmTk2w==cbbd8eqzbKbwhbUbQqdLOEMYw==\" title=\"This contact has been encoded by Anti-Spam by CleanTalk. Click to decode. To finish the decoding make sure that JavaScript is enabled in your browser.\"><span \n                data-original-string='5zf71kYeRFCbokha41R0Nw==cbbPTSil24BjR87VJ6QqL6\/AQ=='\n                class='apbct-email-encoder'\n                title='This contact has been encoded by Anti-Spam by CleanTalk. Click to decode. To finish the decoding make sure that JavaScript is enabled in your browser.'>in<span class=\"apbct-blur\">**<\/span>@<span class=\"apbct-blur\">***<\/span>cr.ca<\/span><\/a>.<\/p>\n<p>&nbsp;<\/p>\n<p>[\/et_pb_text][\/et_pb_column][\/et_pb_row][et_pb_row _builder_version=&#8221;4.26.0&#8243; _module_preset=&#8221;default&#8221; global_colors_info=&#8221;{}&#8221;][et_pb_column type=&#8221;4_4&#8243; _builder_version=&#8221;4.25.2&#8243; _module_preset=&#8221;default&#8221; global_colors_info=&#8221;{}&#8221;][et_pb_text _builder_version=&#8221;4.27.0&#8243; _module_preset=&#8221;default&#8221; text_font=&#8221;|700|||||||&#8221; text_text_color=&#8221;#2E5976&#8243; global_colors_info=&#8221;{}&#8221;]<\/p>\n<p>J.A. RCR et Premiers Soins<br \/>43 rue Fran\u00e7ois<br \/>Petit-Rocher Ouest, N.-B.<br \/>E8K 1X4<br \/>www.jarcr.ca<br \/>1 (506) 544-6747<br \/><span \n                data-original-string='RY9YJpNAV49HjGj6LMx08Q==cbbxgQ3HZakXPfv2aC5r8KnwQ=='\n                class='apbct-email-encoder'\n                title='This contact has been encoded by Anti-Spam by CleanTalk. Click to decode. To finish the decoding make sure that JavaScript is enabled in your browser.'>in<span class=\"apbct-blur\">**<\/span>@<span class=\"apbct-blur\">***<\/span>cr.ca<\/span><\/p>\n<p>[\/et_pb_text][et_pb_text _builder_version=&#8221;4.27.4&#8243; _module_preset=&#8221;default&#8221; global_colors_info=&#8221;{}&#8221;]<\/p>\n<p style=\"text-align: right;\">R\u00e9vis\u00e9e : ao\u00fbt 2025<\/p>\n<p>[\/et_pb_text][\/et_pb_column][\/et_pb_row][\/et_pb_section]<\/p>\n","protected":false},"excerpt":{"rendered":"<p>APER\u00c7U DES TERMES ET CONDITIONS Ce site web est exploit\u00e9 par J.A. RCR et Premiers Soins (J.A. RCR). Tout au long du site, les termes &#8220;nous&#8221;, &#8220;notre&#8221; et &#8220;nos&#8221; se [&hellip;]<\/p>\n","protected":false},"author":786,"featured_media":0,"parent":0,"menu_order":0,"comment_status":"closed","ping_status":"closed","template":"","meta":{"_acf_changed":false,"_et_pb_use_builder":"on","_et_pb_old_content":"<!-- wp:divi\/placeholder \/-->","_et_gb_content_width":"","_price":"","_stock":"","_tribe_ticket_header":"","_tribe_default_ticket_provider":"","_tribe_ticket_capacity":"0","_ticket_start_date":"","_ticket_end_date":"","_tribe_ticket_show_description":"","_tribe_ticket_show_not_going":false,"_tribe_ticket_use_global_stock":"","_tribe_ticket_global_stock_level":"","_global_stock_mode":"","_global_stock_cap":"","_tribe_rsvp_for_event":"","_tribe_ticket_going_count":"","_tribe_ticket_not_going_count":"","_tribe_tickets_list":"[]","_tribe_ticket_has_attendee_info_fields":false,"footnotes":"","_tec_slr_enabled":"","_tec_slr_layout":""},"class_list":["post-2428","page","type-page","status-publish","hentry"],"acf":[],"yoast_head":"<!-- This site is optimized with the Yoast SEO Premium plugin v27.5 (Yoast SEO v27.5) - https:\/\/yoast.com\/product\/yoast-seo-premium-wordpress\/ -->\n<title>Termes et conditions - J.A. RCR et Premiers Soins<\/title>\n<meta name=\"robots\" content=\"index, follow, max-snippet:-1, max-image-preview:large, max-video-preview:-1\" \/>\n<link rel=\"canonical\" href=\"https:\/\/jarcr.ca\/en\/termes-et-conditions\/\" \/>\n<meta property=\"og:locale\" content=\"en_US\" \/>\n<meta property=\"og:type\" content=\"article\" \/>\n<meta property=\"og:title\" content=\"Termes et conditions\" \/>\n<meta property=\"og:description\" content=\"APER\u00c7U DES TERMES ET CONDITIONS Ce site web est exploit\u00e9 par J.A. RCR et Premiers Soins (J.A. RCR). Tout au long du site, les termes &quot;nous&quot;, &quot;notre&quot; et &quot;nos&quot; se [&hellip;]\" \/>\n<meta property=\"og:url\" content=\"https:\/\/jarcr.ca\/en\/termes-et-conditions\/\" \/>\n<meta property=\"og:site_name\" content=\"J.A. RCR et Premiers Soins\" \/>\n<meta property=\"article:modified_time\" content=\"2025-08-08T19:30:27+00:00\" \/>\n<meta name=\"twitter:card\" content=\"summary_large_image\" \/>\n<meta name=\"twitter:label1\" content=\"Est. reading time\" \/>\n\t<meta name=\"twitter:data1\" content=\"10 minutes\" \/>\n<script type=\"application\/ld+json\" class=\"yoast-schema-graph\">{\"@context\":\"https:\\\/\\\/schema.org\",\"@graph\":[{\"@type\":\"WebPage\",\"@id\":\"https:\\\/\\\/jarcr.ca\\\/en\\\/termes-et-conditions\\\/\",\"url\":\"https:\\\/\\\/jarcr.ca\\\/en\\\/termes-et-conditions\\\/\",\"name\":\"Termes et conditions - J.A. RCR et Premiers Soins\",\"isPartOf\":{\"@id\":\"https:\\\/\\\/jarcr.ca\\\/en\\\/#website\"},\"datePublished\":\"2024-07-03T13:53:01+00:00\",\"dateModified\":\"2025-08-08T19:30:27+00:00\",\"breadcrumb\":{\"@id\":\"https:\\\/\\\/jarcr.ca\\\/en\\\/termes-et-conditions\\\/#breadcrumb\"},\"inLanguage\":\"en-US\",\"potentialAction\":[{\"@type\":\"ReadAction\",\"target\":[\"https:\\\/\\\/jarcr.ca\\\/en\\\/termes-et-conditions\\\/\"]}]},{\"@type\":\"BreadcrumbList\",\"@id\":\"https:\\\/\\\/jarcr.ca\\\/en\\\/termes-et-conditions\\\/#breadcrumb\",\"itemListElement\":[{\"@type\":\"ListItem\",\"position\":1,\"name\":\"Home\",\"item\":\"https:\\\/\\\/jarcr.ca\\\/en\\\/\"},{\"@type\":\"ListItem\",\"position\":2,\"name\":\"Termes et conditions\"}]},{\"@type\":\"WebSite\",\"@id\":\"https:\\\/\\\/jarcr.ca\\\/en\\\/#website\",\"url\":\"https:\\\/\\\/jarcr.ca\\\/en\\\/\",\"name\":\"J.A. RCR et Premiers Soins\",\"description\":\"J.A. RCR et Premiers Soins\",\"potentialAction\":[{\"@type\":\"SearchAction\",\"target\":{\"@type\":\"EntryPoint\",\"urlTemplate\":\"https:\\\/\\\/jarcr.ca\\\/en\\\/?s={search_term_string}\"},\"query-input\":{\"@type\":\"PropertyValueSpecification\",\"valueRequired\":true,\"valueName\":\"search_term_string\"}}],\"inLanguage\":\"en-US\"}]}<\/script>\n<!-- \/ Yoast SEO Premium plugin. -->","yoast_head_json":{"title":"Termes et conditions - J.A. RCR et Premiers Soins","robots":{"index":"index","follow":"follow","max-snippet":"max-snippet:-1","max-image-preview":"max-image-preview:large","max-video-preview":"max-video-preview:-1"},"canonical":"https:\/\/jarcr.ca\/en\/termes-et-conditions\/","og_locale":"en_US","og_type":"article","og_title":"Termes et conditions","og_description":"APER\u00c7U DES TERMES ET CONDITIONS Ce site web est exploit\u00e9 par J.A. RCR et Premiers Soins (J.A. RCR). Tout au long du site, les termes \"nous\", \"notre\" et \"nos\" se [&hellip;]","og_url":"https:\/\/jarcr.ca\/en\/termes-et-conditions\/","og_site_name":"J.A. RCR et Premiers Soins","article_modified_time":"2025-08-08T19:30:27+00:00","twitter_card":"summary_large_image","twitter_misc":{"Est. reading time":"10 minutes"},"schema":{"@context":"https:\/\/schema.org","@graph":[{"@type":"WebPage","@id":"https:\/\/jarcr.ca\/en\/termes-et-conditions\/","url":"https:\/\/jarcr.ca\/en\/termes-et-conditions\/","name":"Termes et conditions - J.A. RCR et Premiers Soins","isPartOf":{"@id":"https:\/\/jarcr.ca\/en\/#website"},"datePublished":"2024-07-03T13:53:01+00:00","dateModified":"2025-08-08T19:30:27+00:00","breadcrumb":{"@id":"https:\/\/jarcr.ca\/en\/termes-et-conditions\/#breadcrumb"},"inLanguage":"en-US","potentialAction":[{"@type":"ReadAction","target":["https:\/\/jarcr.ca\/en\/termes-et-conditions\/"]}]},{"@type":"BreadcrumbList","@id":"https:\/\/jarcr.ca\/en\/termes-et-conditions\/#breadcrumb","itemListElement":[{"@type":"ListItem","position":1,"name":"Home","item":"https:\/\/jarcr.ca\/en\/"},{"@type":"ListItem","position":2,"name":"Termes et conditions"}]},{"@type":"WebSite","@id":"https:\/\/jarcr.ca\/en\/#website","url":"https:\/\/jarcr.ca\/en\/","name":"J.A. RCR et Premiers Soins","description":"J.A. RCR et Premiers Soins","potentialAction":[{"@type":"SearchAction","target":{"@type":"EntryPoint","urlTemplate":"https:\/\/jarcr.ca\/en\/?s={search_term_string}"},"query-input":{"@type":"PropertyValueSpecification","valueRequired":true,"valueName":"search_term_string"}}],"inLanguage":"en-US"}]}},"ticketed":false,"_links":{"self":[{"href":"https:\/\/jarcr.ca\/en\/wp-json\/wp\/v2\/pages\/2428","targetHints":{"allow":["GET"]}}],"collection":[{"href":"https:\/\/jarcr.ca\/en\/wp-json\/wp\/v2\/pages"}],"about":[{"href":"https:\/\/jarcr.ca\/en\/wp-json\/wp\/v2\/types\/page"}],"author":[{"embeddable":true,"href":"https:\/\/jarcr.ca\/en\/wp-json\/wp\/v2\/users\/786"}],"replies":[{"embeddable":true,"href":"https:\/\/jarcr.ca\/en\/wp-json\/wp\/v2\/comments?post=2428"}],"version-history":[{"count":8,"href":"https:\/\/jarcr.ca\/en\/wp-json\/wp\/v2\/pages\/2428\/revisions"}],"predecessor-version":[{"id":12921,"href":"https:\/\/jarcr.ca\/en\/wp-json\/wp\/v2\/pages\/2428\/revisions\/12921"}],"wp:attachment":[{"href":"https:\/\/jarcr.ca\/en\/wp-json\/wp\/v2\/media?parent=2428"}],"curies":[{"name":"wp","href":"https:\/\/api.w.org\/{rel}","templated":true}]}}