{"id":1171,"date":"2022-02-13T13:44:25","date_gmt":"2022-02-13T17:44:25","guid":{"rendered":"https:\/\/www.gruntclub.org\/boutique\/"},"modified":"2024-12-06T15:55:16","modified_gmt":"2024-12-06T19:55:16","slug":"boutique","status":"publish","type":"page","link":"https:\/\/jarcr.ca\/en\/boutique\/","title":{"rendered":"Boutique"},"content":{"rendered":"","protected":false},"excerpt":{"rendered":"","protected":false},"author":786,"featured_media":1150,"parent":0,"menu_order":0,"comment_status":"closed","ping_status":"closed","template":"","meta":{"_acf_changed":false,"_et_pb_use_builder":"on","_et_pb_old_content":"","_et_gb_content_width":"","_price":"","_stock":"","_tribe_ticket_header":"","_tribe_default_ticket_provider":"","_tribe_ticket_capacity":"0","_ticket_start_date":"","_ticket_end_date":"","_tribe_ticket_show_description":"","_tribe_ticket_show_not_going":false,"_tribe_ticket_use_global_stock":"","_tribe_ticket_global_stock_level":"","_global_stock_mode":"","_global_stock_cap":"","_tribe_rsvp_for_event":"","_tribe_ticket_going_count":"","_tribe_ticket_not_going_count":"","_tribe_tickets_list":"[]","_tribe_ticket_has_attendee_info_fields":false,"footnotes":"","_tec_slr_enabled":"","_tec_slr_layout":""},"class_list":["post-1171","page","type-page","status-publish","has-post-thumbnail","hentry"],"acf":[],"yoast_head":"<!-- This site is optimized with the Yoast SEO Premium plugin v27.2 (Yoast SEO v27.2) - https:\/\/yoast.com\/product\/yoast-seo-premium-wordpress\/ -->\n<title>Boutique \u00e9quipements secourisme | RCR et Premiers Soins<\/title>\n<meta name=\"description\" content=\"Achetez du mat\u00e9riel de premiers soins, des trousses RCR et des \u00e9quipements de qualit\u00e9 professionnelle | RCR et Premiers Soins\" \/>\n<meta name=\"robots\" content=\"index, follow, max-snippet:-1, max-image-preview:large, max-video-preview:-1\" \/>\n<link rel=\"canonical\" href=\"https:\/\/jarcr.ca\/en\/boutique\/\" \/>\n<meta property=\"og:locale\" content=\"en_US\" \/>\n<meta property=\"og:type\" content=\"article\" \/>\n<meta property=\"og:title\" content=\"Boutique\" \/>\n<meta property=\"og:description\" content=\"Achetez du mat\u00e9riel de premiers soins, des trousses RCR et des \u00e9quipements de qualit\u00e9 professionnelle | RCR et Premiers Soins\" \/>\n<meta property=\"og:url\" content=\"https:\/\/jarcr.ca\/en\/boutique\/\" \/>\n<meta property=\"og:site_name\" content=\"J.A. RCR et Premiers Soins\" \/>\n<meta property=\"article:modified_time\" content=\"2024-12-06T19:55:16+00:00\" \/>\n<meta property=\"og:image\" content=\"https:\/\/jarcr.ca\/wp-content\/uploads\/2022\/06\/successful-business-team-standing-around-computer-Z47XJL5.jpg\" \/>\n\t<meta property=\"og:image:width\" content=\"1920\" \/>\n\t<meta property=\"og:image:height\" content=\"1280\" \/>\n\t<meta property=\"og:image:type\" content=\"image\/jpeg\" \/>\n<meta name=\"twitter:card\" content=\"summary_large_image\" \/>\n<meta name=\"twitter:label1\" content=\"Est. reading time\" \/>\n\t<meta name=\"twitter:data1\" content=\"1 minute\" \/>\n<script type=\"application\/ld+json\" class=\"yoast-schema-graph\">{\"@context\":\"https:\/\/schema.org\",\"@graph\":[{\"@type\":\"WebPage\",\"@id\":\"https:\/\/jarcr.ca\/en\/boutique\/\",\"url\":\"https:\/\/jarcr.ca\/en\/boutique\/\",\"name\":\"Boutique \u00e9quipements secourisme | RCR et Premiers Soins\",\"isPartOf\":{\"@id\":\"https:\/\/jarcr.ca\/en\/#website\"},\"primaryImageOfPage\":{\"@id\":\"https:\/\/jarcr.ca\/en\/boutique\/#primaryimage\"},\"image\":{\"@id\":\"https:\/\/jarcr.ca\/en\/boutique\/#primaryimage\"},\"thumbnailUrl\":\"https:\/\/jarcr.ca\/wp-content\/uploads\/2022\/06\/successful-business-team-standing-around-computer-Z47XJL5.jpg\",\"datePublished\":\"2022-02-13T17:44:25+00:00\",\"dateModified\":\"2024-12-06T19:55:16+00:00\",\"description\":\"Achetez du mat\u00e9riel de premiers soins, des trousses RCR et des \u00e9quipements de qualit\u00e9 professionnelle | RCR et Premiers Soins\",\"breadcrumb\":{\"@id\":\"https:\/\/jarcr.ca\/en\/boutique\/#breadcrumb\"},\"inLanguage\":\"en-US\",\"potentialAction\":[{\"@type\":\"ReadAction\",\"target\":[\"https:\/\/jarcr.ca\/en\/boutique\/\"]}]},{\"@type\":\"ImageObject\",\"inLanguage\":\"en-US\",\"@id\":\"https:\/\/jarcr.ca\/en\/boutique\/#primaryimage\",\"url\":\"https:\/\/jarcr.ca\/wp-content\/uploads\/2022\/06\/successful-business-team-standing-around-computer-Z47XJL5.jpg\",\"contentUrl\":\"https:\/\/jarcr.ca\/wp-content\/uploads\/2022\/06\/successful-business-team-standing-around-computer-Z47XJL5.jpg\",\"width\":1920,\"height\":1280,\"caption\":\"successful bus\"},{\"@type\":\"BreadcrumbList\",\"@id\":\"https:\/\/jarcr.ca\/en\/boutique\/#breadcrumb\",\"itemListElement\":[{\"@type\":\"ListItem\",\"position\":1,\"name\":\"Home\",\"item\":\"https:\/\/jarcr.ca\/en\/\"},{\"@type\":\"ListItem\",\"position\":2,\"name\":\"Boutique\"}]},{\"@type\":\"WebSite\",\"@id\":\"https:\/\/jarcr.ca\/en\/#website\",\"url\":\"https:\/\/jarcr.ca\/en\/\",\"name\":\"J.A. RCR et Premiers Soins\",\"description\":\"J.A. RCR et Premiers Soins\",\"potentialAction\":[{\"@type\":\"SearchAction\",\"target\":{\"@type\":\"EntryPoint\",\"urlTemplate\":\"https:\/\/jarcr.ca\/en\/?s={search_term_string}\"},\"query-input\":{\"@type\":\"PropertyValueSpecification\",\"valueRequired\":true,\"valueName\":\"search_term_string\"}}],\"inLanguage\":\"en-US\"}]}<\/script>\n<!-- \/ Yoast SEO Premium plugin. -->","yoast_head_json":{"title":"Boutique \u00e9quipements secourisme | RCR et Premiers Soins","description":"Achetez du mat\u00e9riel de premiers soins, des trousses RCR et des \u00e9quipements de qualit\u00e9 professionnelle | RCR et Premiers Soins","robots":{"index":"index","follow":"follow","max-snippet":"max-snippet:-1","max-image-preview":"max-image-preview:large","max-video-preview":"max-video-preview:-1"},"canonical":"https:\/\/jarcr.ca\/en\/boutique\/","og_locale":"en_US","og_type":"article","og_title":"Boutique","og_description":"Achetez du mat\u00e9riel de premiers soins, des trousses RCR et des \u00e9quipements de qualit\u00e9 professionnelle | RCR et Premiers Soins","og_url":"https:\/\/jarcr.ca\/en\/boutique\/","og_site_name":"J.A. RCR et Premiers Soins","article_modified_time":"2024-12-06T19:55:16+00:00","og_image":[{"width":1920,"height":1280,"url":"https:\/\/jarcr.ca\/wp-content\/uploads\/2022\/06\/successful-business-team-standing-around-computer-Z47XJL5.jpg","type":"image\/jpeg"}],"twitter_card":"summary_large_image","twitter_misc":{"Est. reading time":"1 minute"},"schema":{"@context":"https:\/\/schema.org","@graph":[{"@type":"WebPage","@id":"https:\/\/jarcr.ca\/en\/boutique\/","url":"https:\/\/jarcr.ca\/en\/boutique\/","name":"Boutique \u00e9quipements secourisme | RCR et Premiers Soins","isPartOf":{"@id":"https:\/\/jarcr.ca\/en\/#website"},"primaryImageOfPage":{"@id":"https:\/\/jarcr.ca\/en\/boutique\/#primaryimage"},"image":{"@id":"https:\/\/jarcr.ca\/en\/boutique\/#primaryimage"},"thumbnailUrl":"https:\/\/jarcr.ca\/wp-content\/uploads\/2022\/06\/successful-business-team-standing-around-computer-Z47XJL5.jpg","datePublished":"2022-02-13T17:44:25+00:00","dateModified":"2024-12-06T19:55:16+00:00","description":"Achetez du mat\u00e9riel de premiers soins, des trousses RCR et des \u00e9quipements de qualit\u00e9 professionnelle | RCR et Premiers Soins","breadcrumb":{"@id":"https:\/\/jarcr.ca\/en\/boutique\/#breadcrumb"},"inLanguage":"en-US","potentialAction":[{"@type":"ReadAction","target":["https:\/\/jarcr.ca\/en\/boutique\/"]}]},{"@type":"ImageObject","inLanguage":"en-US","@id":"https:\/\/jarcr.ca\/en\/boutique\/#primaryimage","url":"https:\/\/jarcr.ca\/wp-content\/uploads\/2022\/06\/successful-business-team-standing-around-computer-Z47XJL5.jpg","contentUrl":"https:\/\/jarcr.ca\/wp-content\/uploads\/2022\/06\/successful-business-team-standing-around-computer-Z47XJL5.jpg","width":1920,"height":1280,"caption":"successful bus"},{"@type":"BreadcrumbList","@id":"https:\/\/jarcr.ca\/en\/boutique\/#breadcrumb","itemListElement":[{"@type":"ListItem","position":1,"name":"Home","item":"https:\/\/jarcr.ca\/en\/"},{"@type":"ListItem","position":2,"name":"Boutique"}]},{"@type":"WebSite","@id":"https:\/\/jarcr.ca\/en\/#website","url":"https:\/\/jarcr.ca\/en\/","name":"J.A. RCR et Premiers Soins","description":"J.A. RCR et Premiers Soins","potentialAction":[{"@type":"SearchAction","target":{"@type":"EntryPoint","urlTemplate":"https:\/\/jarcr.ca\/en\/?s={search_term_string}"},"query-input":{"@type":"PropertyValueSpecification","valueRequired":true,"valueName":"search_term_string"}}],"inLanguage":"en-US"}]}},"ticketed":false,"_links":{"self":[{"href":"https:\/\/jarcr.ca\/en\/wp-json\/wp\/v2\/pages\/1171","targetHints":{"allow":["GET"]}}],"collection":[{"href":"https:\/\/jarcr.ca\/en\/wp-json\/wp\/v2\/pages"}],"about":[{"href":"https:\/\/jarcr.ca\/en\/wp-json\/wp\/v2\/types\/page"}],"author":[{"embeddable":true,"href":"https:\/\/jarcr.ca\/en\/wp-json\/wp\/v2\/users\/786"}],"replies":[{"embeddable":true,"href":"https:\/\/jarcr.ca\/en\/wp-json\/wp\/v2\/comments?post=1171"}],"version-history":[{"count":1,"href":"https:\/\/jarcr.ca\/en\/wp-json\/wp\/v2\/pages\/1171\/revisions"}],"predecessor-version":[{"id":1172,"href":"https:\/\/jarcr.ca\/en\/wp-json\/wp\/v2\/pages\/1171\/revisions\/1172"}],"wp:featuredmedia":[{"embeddable":true,"href":"https:\/\/jarcr.ca\/en\/wp-json\/wp\/v2\/media\/1150"}],"wp:attachment":[{"href":"https:\/\/jarcr.ca\/en\/wp-json\/wp\/v2\/media?parent=1171"}],"curies":[{"name":"wp","href":"https:\/\/api.w.org\/{rel}","templated":true}]}}